{"id":203,"date":"2022-08-09T15:46:32","date_gmt":"2022-08-09T13:46:32","guid":{"rendered":"http:\/\/wjioyci.cluster029.hosting.ovh.net\/?page_id=203"},"modified":"2023-08-28T10:57:44","modified_gmt":"2023-08-28T08:57:44","slug":"actualites","status":"publish","type":"page","link":"https:\/\/abepaysage.fr\/index.php\/actualites\/","title":{"rendered":"Actualit\u00e9s"},"content":{"rendered":"\n<p>Toutes les derni\u00e8res nouvelles concernant le bureau d\u2019\u00e9tude d\u2019am\u00e9nagement paysager intervenant en Rh\u00f4ne-Alpes Auvergne!<\/p>\n\n\n\n<p>Am\u00e9nager votre jardin: retrouvez ici des id\u00e9es, des conseils, des trucs et astuces pour faire de votre ext\u00e9rieur un v\u00e9ritable cocon \u00e0 votre image!<\/p>\n\n\n\n<p>Retrouvez \u00e9galement les projets \u00e9l\u00e9ments par \u00e9l\u00e9ments <a href=\"http:\/\/wjioyci.cluster029.hosting.ovh.net\/index.php\/about\/\">ICI<\/a>.<\/p>\n\n\n\n<p>Et pour nous suivre sur Instagram:<\/p>\n\n\n\n<h2 class=\"wp-block-heading has-text-align-center\"><a rel=\"noreferrer noopener\" href=\"https:\/\/www.instagram.com\/abe.paysage\/\" data-type=\"URL\" data-id=\"https:\/\/www.instagram.com\/abe.paysage\/\" target=\"_blank\">@abe.paysage<\/a><\/h2>\n\n\n\n<p>Et retrouvez ici des anciens projets!<\/p>\n\n\n\n<figure class=\"wp-block-image size-large is-resized\"><a href=\"http:\/\/abepaysage.fr\/index.php\/2023\/02\/13\/janvier-2\/\"><img decoding=\"async\" src=\"http:\/\/abepaysage.fr\/wp-content\/uploads\/2023\/02\/E-2-1024x564.jpg\" alt=\"\" class=\"wp-image-491\" style=\"width:294px;height:162px\" width=\"294\" height=\"162\" srcset=\"https:\/\/abepaysage.fr\/wp-content\/uploads\/2023\/02\/E-2-1024x564.jpg 1024w, https:\/\/abepaysage.fr\/wp-content\/uploads\/2023\/02\/E-2-300x165.jpg 300w, https:\/\/abepaysage.fr\/wp-content\/uploads\/2023\/02\/E-2-768x423.jpg 768w, https:\/\/abepaysage.fr\/wp-content\/uploads\/2023\/02\/E-2-1536x846.jpg 1536w, https:\/\/abepaysage.fr\/wp-content\/uploads\/2023\/02\/E-2-2048x1128.jpg 2048w, https:\/\/abepaysage.fr\/wp-content\/uploads\/2023\/02\/E-2-2000x1101.jpg 2000w, https:\/\/abepaysage.fr\/wp-content\/uploads\/2023\/02\/E-2-600x330.jpg 600w\" sizes=\"(max-width: 294px) 100vw, 294px\" \/><\/a><\/figure>\n\n\n\n<figure class=\"wp-block-image size-large is-resized\"><a href=\"http:\/\/abepaysage.fr\/index.php\/2022\/12\/08\/novembre-1\/\"><img decoding=\"async\" src=\"http:\/\/abepaysage.fr\/wp-content\/uploads\/2022\/12\/B-1-1024x564.jpg\" alt=\"\" class=\"wp-image-435\" style=\"width:294px;height:161px\" width=\"294\" height=\"161\" srcset=\"https:\/\/abepaysage.fr\/wp-content\/uploads\/2022\/12\/B-1-1024x564.jpg 1024w, https:\/\/abepaysage.fr\/wp-content\/uploads\/2022\/12\/B-1-300x165.jpg 300w, https:\/\/abepaysage.fr\/wp-content\/uploads\/2022\/12\/B-1-768x423.jpg 768w, https:\/\/abepaysage.fr\/wp-content\/uploads\/2022\/12\/B-1-1536x846.jpg 1536w, https:\/\/abepaysage.fr\/wp-content\/uploads\/2022\/12\/B-1-2048x1128.jpg 2048w, https:\/\/abepaysage.fr\/wp-content\/uploads\/2022\/12\/B-1-2000x1101.jpg 2000w, https:\/\/abepaysage.fr\/wp-content\/uploads\/2022\/12\/B-1-600x330.jpg 600w\" sizes=\"(max-width: 294px) 100vw, 294px\" \/><\/a><\/figure>\n\n\n\n<figure class=\"wp-block-image size-large is-resized\"><a href=\"http:\/\/abepaysage.fr\/index.php\/2022\/12\/08\/novembre-2\/\"><img decoding=\"async\" src=\"http:\/\/abepaysage.fr\/wp-content\/uploads\/2022\/12\/F-1-1024x564.jpg\" alt=\"\" class=\"wp-image-440\" style=\"width:292px;height:160px\" width=\"292\" height=\"160\" srcset=\"https:\/\/abepaysage.fr\/wp-content\/uploads\/2022\/12\/F-1-1024x564.jpg 1024w, https:\/\/abepaysage.fr\/wp-content\/uploads\/2022\/12\/F-1-300x165.jpg 300w, https:\/\/abepaysage.fr\/wp-content\/uploads\/2022\/12\/F-1-768x423.jpg 768w, https:\/\/abepaysage.fr\/wp-content\/uploads\/2022\/12\/F-1-1536x846.jpg 1536w, https:\/\/abepaysage.fr\/wp-content\/uploads\/2022\/12\/F-1-2048x1128.jpg 2048w, https:\/\/abepaysage.fr\/wp-content\/uploads\/2022\/12\/F-1-2000x1101.jpg 2000w, https:\/\/abepaysage.fr\/wp-content\/uploads\/2022\/12\/F-1-600x330.jpg 600w\" sizes=\"(max-width: 292px) 100vw, 292px\" \/><\/a><\/figure>\n\n\n\n<figure class=\"wp-block-image size-large is-resized\"><a href=\"http:\/\/abepaysage.fr\/index.php\/2022\/12\/08\/novembre-3\/\"><img loading=\"lazy\" decoding=\"async\" src=\"http:\/\/abepaysage.fr\/wp-content\/uploads\/2022\/12\/R-4-1024x564.jpg\" alt=\"\" class=\"wp-image-449\" style=\"width:290px;height:160px\" width=\"290\" height=\"160\" srcset=\"https:\/\/abepaysage.fr\/wp-content\/uploads\/2022\/12\/R-4-1024x564.jpg 1024w, https:\/\/abepaysage.fr\/wp-content\/uploads\/2022\/12\/R-4-300x165.jpg 300w, https:\/\/abepaysage.fr\/wp-content\/uploads\/2022\/12\/R-4-768x423.jpg 768w, https:\/\/abepaysage.fr\/wp-content\/uploads\/2022\/12\/R-4-1536x846.jpg 1536w, https:\/\/abepaysage.fr\/wp-content\/uploads\/2022\/12\/R-4-2048x1128.jpg 2048w, https:\/\/abepaysage.fr\/wp-content\/uploads\/2022\/12\/R-4-2000x1101.jpg 2000w, https:\/\/abepaysage.fr\/wp-content\/uploads\/2022\/12\/R-4-600x330.jpg 600w\" sizes=\"(max-width: 290px) 100vw, 290px\" \/><\/a><\/figure>\n\n\n\n<figure class=\"wp-block-image size-large is-resized\"><a href=\"http:\/\/abepaysage.fr\/index.php\/2023\/02\/13\/janvier-3\/\"><img loading=\"lazy\" decoding=\"async\" src=\"http:\/\/abepaysage.fr\/wp-content\/uploads\/2023\/02\/Da-1-1024x564.jpg\" alt=\"\" class=\"wp-image-484\" style=\"width:289px;height:158px\" width=\"289\" height=\"158\" srcset=\"https:\/\/abepaysage.fr\/wp-content\/uploads\/2023\/02\/Da-1-1024x564.jpg 1024w, https:\/\/abepaysage.fr\/wp-content\/uploads\/2023\/02\/Da-1-300x165.jpg 300w, https:\/\/abepaysage.fr\/wp-content\/uploads\/2023\/02\/Da-1-768x423.jpg 768w, https:\/\/abepaysage.fr\/wp-content\/uploads\/2023\/02\/Da-1-1536x846.jpg 1536w, https:\/\/abepaysage.fr\/wp-content\/uploads\/2023\/02\/Da-1-2048x1128.jpg 2048w, https:\/\/abepaysage.fr\/wp-content\/uploads\/2023\/02\/Da-1-2000x1101.jpg 2000w, https:\/\/abepaysage.fr\/wp-content\/uploads\/2023\/02\/Da-1-600x330.jpg 600w\" sizes=\"(max-width: 289px) 100vw, 289px\" \/><\/a><\/figure>\n\n\n\t\t<div id=\"instagram-gallery-feed-2\" class=\"instagram-gallery-feed\" data-feed=\"{&quot;id&quot;:2,&quot;account_id&quot;:&quot;17841406365128845&quot;,&quot;source&quot;:&quot;username&quot;,&quot;tag&quot;:&quot;wordpress&quot;,&quot;order_by&quot;:&quot;top_media&quot;,&quot;layout&quot;:&quot;gallery&quot;,&quot;limit&quot;:12,&quot;columns&quot;:3,&quot;spacing&quot;:10,&quot;lazy&quot;:false,&quot;responsive&quot;:{&quot;desktop&quot;:{&quot;columns&quot;:3,&quot;spacing&quot;:10},&quot;tablet&quot;:{&quot;columns&quot;:2,&quot;spacing&quot;:8},&quot;mobile&quot;:{&quot;columns&quot;:1,&quot;spacing&quot;:6},&quot;breakpoints&quot;:{&quot;tablet&quot;:768,&quot;mobile&quot;:480}},&quot;aspect_ratio&quot;:{&quot;width&quot;:1,&quot;height&quot;:1},&quot;highlight&quot;:{&quot;tag&quot;:&quot;&quot;,&quot;id&quot;:&quot;&quot;,&quot;position&quot;:&quot;1,3,5&quot;},&quot;reel&quot;:{&quot;hide&quot;:false},&quot;copyright&quot;:{&quot;hide&quot;:false,&quot;placeholder&quot;:&quot;&quot;},&quot;profile&quot;:{&quot;display&quot;:false,&quot;username&quot;:&quot;&quot;,&quot;nickname&quot;:&quot;&quot;,&quot;website&quot;:&quot;&quot;,&quot;biography&quot;:&quot;&quot;,&quot;link_text&quot;:&quot;Follow&quot;,&quot;website_text&quot;:&quot;Website&quot;,&quot;avatar&quot;:&quot;&quot;},&quot;box&quot;:{&quot;display&quot;:false,&quot;padding&quot;:1,&quot;radius&quot;:0,&quot;background&quot;:&quot;#fefefe&quot;,&quot;profile&quot;:false,&quot;desc&quot;:&quot;&quot;,&quot;text_color&quot;:&quot;#000000&quot;},&quot;mask&quot;:{&quot;display&quot;:true,&quot;background&quot;:&quot;#000000&quot;,&quot;icon_color&quot;:&quot;#ffffff&quot;,&quot;likes_count&quot;:true,&quot;comments_count&quot;:true},&quot;card&quot;:{&quot;display&quot;:false,&quot;radius&quot;:1,&quot;font_size&quot;:12,&quot;background&quot;:&quot;#ffffff&quot;,&quot;background_hover&quot;:&quot;&quot;,&quot;text_color&quot;:&quot;#000000&quot;,&quot;padding&quot;:5,&quot;likes_count&quot;:true,&quot;text_length&quot;:10,&quot;comments_count&quot;:true,&quot;text_align&quot;:&quot;left&quot;},&quot;carousel&quot;:{&quot;centered_slides&quot;:false,&quot;autoplay&quot;:false,&quot;autoplay_interval&quot;:3000,&quot;navarrows&quot;:true,&quot;navarrows_color&quot;:&quot;&quot;,&quot;pagination&quot;:true,&quot;pagination_color&quot;:&quot;&quot;},&quot;modal&quot;:{&quot;display&quot;:true,&quot;profile&quot;:false,&quot;media_description&quot;:true,&quot;likes_count&quot;:true,&quot;comments_count&quot;:true,&quot;comments_list&quot;:false,&quot;text_align&quot;:&quot;left&quot;,&quot;modal_align&quot;:&quot;right&quot;,&quot;text_length&quot;:10000,&quot;font_size&quot;:12},&quot;button&quot;:{&quot;display&quot;:true,&quot;text&quot;:&quot;View on Instagram&quot;,&quot;text_color&quot;:&quot;#ffff&quot;,&quot;background&quot;:&quot;&quot;,&quot;background_hover&quot;:&quot;&quot;},&quot;button_load&quot;:{&quot;display&quot;:false,&quot;text&quot;:&quot;Load more...&quot;,&quot;text_color&quot;:&quot;#ffff&quot;,&quot;background&quot;:&quot;&quot;,&quot;background_hover&quot;:&quot;&quot;}}\">\n\t\t<!-- <FeedContainer\/> -->\n\t\t<\/div>\n\t\t\n","protected":false},"excerpt":{"rendered":"<p>Toutes les derni\u00e8res nouvelles concernant le bureau d\u2019\u00e9tude d\u2019am\u00e9nagement paysager intervenant en Rh\u00f4ne-Alpes Auvergne! Am\u00e9nager votre jardin: retrouvez ici des id\u00e9es, des conseils, des trucs et astuces pour faire de votre ext\u00e9rieur un v\u00e9ritable cocon \u00e0 votre image! Retrouvez \u00e9galement les projets \u00e9l\u00e9ments par \u00e9l\u00e9ments ICI. Et pour nous suivre sur Instagram: @abe.paysage Et retrouvez &hellip; <\/p>\n<p class=\"link-more\"><a href=\"https:\/\/abepaysage.fr\/index.php\/actualites\/\" class=\"more-link\">Lire la suite de<span class=\"screen-reader-text\">\u00ab\u00a0Actualit\u00e9s\u00a0\u00bb<\/span><\/a><\/p>\n","protected":false},"author":1,"featured_media":0,"parent":0,"menu_order":0,"comment_status":"closed","ping_status":"closed","template":"","meta":{"footnotes":""},"class_list":["post-203","page","type-page","status-publish","hentry"],"featured_media_urls":[],"_links":{"self":[{"href":"https:\/\/abepaysage.fr\/index.php\/wp-json\/wp\/v2\/pages\/203","targetHints":{"allow":["GET"]}}],"collection":[{"href":"https:\/\/abepaysage.fr\/index.php\/wp-json\/wp\/v2\/pages"}],"about":[{"href":"https:\/\/abepaysage.fr\/index.php\/wp-json\/wp\/v2\/types\/page"}],"author":[{"embeddable":true,"href":"https:\/\/abepaysage.fr\/index.php\/wp-json\/wp\/v2\/users\/1"}],"replies":[{"embeddable":true,"href":"https:\/\/abepaysage.fr\/index.php\/wp-json\/wp\/v2\/comments?post=203"}],"version-history":[{"count":14,"href":"https:\/\/abepaysage.fr\/index.php\/wp-json\/wp\/v2\/pages\/203\/revisions"}],"predecessor-version":[{"id":546,"href":"https:\/\/abepaysage.fr\/index.php\/wp-json\/wp\/v2\/pages\/203\/revisions\/546"}],"wp:attachment":[{"href":"https:\/\/abepaysage.fr\/index.php\/wp-json\/wp\/v2\/media?parent=203"}],"curies":[{"name":"wp","href":"https:\/\/api.w.org\/{rel}","templated":true}]}}