{"id":8,"date":"2022-07-21T14:01:29","date_gmt":"2022-07-21T12:01:29","guid":{"rendered":"http:\/\/wjioyci.cluster029.hosting.ovh.net\/?page_id=8"},"modified":"2022-09-27T14:00:08","modified_gmt":"2022-09-27T12:00:08","slug":"about","status":"publish","type":"page","link":"https:\/\/abepaysage.fr\/index.php\/about\/","title":{"rendered":"Les projets"},"content":{"rendered":"\n<p>Architecte paysagiste pour faire de vos souhaits une r\u00e9alit\u00e9! <\/p>\n\n\n\n<p>Implant\u00e9e \u00e0 proximit\u00e9 de Lyon, je me d\u00e9place \u00e9galement sur la r\u00e9gion Rh\u00f4ne-Alpes-Auvergne.<\/p>\n\n\n\n<p>Je vous apporte des id\u00e9es d\u2019am\u00e9nagements pour votre jardin en r\u00e9ponse \u00e0 vos probl\u00e9matiques et envies!<\/p>\n\n\n\n<p><strong>Le jardin est une fen\u00eatre sur l\u2019ext\u00e9rieur, une \u00e9chapp\u00e9e, une bouff\u00e9e d\u2019air et de calme.<br><\/strong><\/p>\n\n\n\n<p>Avec les possibilit\u00e9s quasi infinies de couleurs, de formes et de taille, les v\u00e9g\u00e9taux vous apporteront mouvement et s\u00e9r\u00e9nit\u00e9 tout au&nbsp; long de l\u2019ann\u00e9e. Par leurs diversit\u00e9s ils offriront&nbsp; aussi un \u00e9crin \u00e0 votre int\u00e9rieur.<\/p>\n\n\n\n<div style=\"height:100px\" aria-hidden=\"true\" class=\"wp-block-spacer\"><\/div>\n\n\n\n<div class=\"wp-block-columns alignwide is-layout-flex wp-container-core-columns-is-layout-28f84493 wp-block-columns-is-layout-flex\">\n<div class=\"wp-block-column is-layout-flow wp-block-column-is-layout-flow\">\n<p class=\"has-black-color has-text-color has-medium-font-size\"><strong><a href=\"http:\/\/wjioyci.cluster029.hosting.ovh.net\/index.php\/2022\/07\/28\/piscine\/\" data-type=\"URL\" data-id=\"http:\/\/wjioyci.cluster029.hosting.ovh.net\/index.php\/2022\/07\/28\/piscine\/\">Piscine<\/a><\/strong><\/p>\n\n\n\n<figure class=\"wp-block-image size-large\"><a href=\"http:\/\/wjioyci.cluster029.hosting.ovh.net\/index.php\/2022\/07\/28\/piscine\/\"><img fetchpriority=\"high\" decoding=\"async\" width=\"1024\" height=\"564\" src=\"http:\/\/wjioyci.cluster029.hosting.ovh.net\/wp-content\/uploads\/2022\/08\/Piscine-3-1024x564.jpg\" alt=\"\" class=\"wp-image-288\" srcset=\"https:\/\/abepaysage.fr\/wp-content\/uploads\/2022\/08\/Piscine-3-1024x564.jpg 1024w, https:\/\/abepaysage.fr\/wp-content\/uploads\/2022\/08\/Piscine-3-300x165.jpg 300w, https:\/\/abepaysage.fr\/wp-content\/uploads\/2022\/08\/Piscine-3-768x423.jpg 768w, https:\/\/abepaysage.fr\/wp-content\/uploads\/2022\/08\/Piscine-3-1536x846.jpg 1536w, https:\/\/abepaysage.fr\/wp-content\/uploads\/2022\/08\/Piscine-3-2048x1128.jpg 2048w, https:\/\/abepaysage.fr\/wp-content\/uploads\/2022\/08\/Piscine-3-2000x1101.jpg 2000w, https:\/\/abepaysage.fr\/wp-content\/uploads\/2022\/08\/Piscine-3-600x330.jpg 600w\" sizes=\"(max-width: 1024px) 100vw, 1024px\" \/><\/a><\/figure>\n\n\n\n<p class=\"has-medium-font-size\"><strong><a href=\"http:\/\/wjioyci.cluster029.hosting.ovh.net\/index.php\/2022\/08\/12\/eclairage\/\" data-type=\"URL\">Eclairage<\/a><\/strong><\/p>\n\n\n\n<figure class=\"wp-block-image size-large\"><a href=\"http:\/\/wjioyci.cluster029.hosting.ovh.net\/index.php\/2022\/08\/12\/eclairage\/\"><img decoding=\"async\" width=\"1024\" height=\"564\" src=\"http:\/\/wjioyci.cluster029.hosting.ovh.net\/wp-content\/uploads\/2022\/08\/Eclairage-6-1024x564.jpg\" alt=\"\" class=\"wp-image-280\" srcset=\"https:\/\/abepaysage.fr\/wp-content\/uploads\/2022\/08\/Eclairage-6-1024x564.jpg 1024w, https:\/\/abepaysage.fr\/wp-content\/uploads\/2022\/08\/Eclairage-6-300x165.jpg 300w, https:\/\/abepaysage.fr\/wp-content\/uploads\/2022\/08\/Eclairage-6-768x423.jpg 768w, https:\/\/abepaysage.fr\/wp-content\/uploads\/2022\/08\/Eclairage-6-1536x846.jpg 1536w, https:\/\/abepaysage.fr\/wp-content\/uploads\/2022\/08\/Eclairage-6-2048x1128.jpg 2048w, https:\/\/abepaysage.fr\/wp-content\/uploads\/2022\/08\/Eclairage-6-2000x1101.jpg 2000w, https:\/\/abepaysage.fr\/wp-content\/uploads\/2022\/08\/Eclairage-6-600x330.jpg 600w\" sizes=\"(max-width: 1024px) 100vw, 1024px\" \/><\/a><\/figure>\n\n\n\n<p class=\"has-medium-font-size\"><a href=\"http:\/\/wjioyci.cluster029.hosting.ovh.net\/index.php\/2022\/08\/12\/denivele\/\" data-type=\"URL\"><strong>Terrasse<\/strong><\/a><\/p>\n\n\n\n<figure class=\"wp-block-image size-large\"><a href=\"http:\/\/wjioyci.cluster029.hosting.ovh.net\/index.php\/2022\/08\/12\/denivele\/\"><img decoding=\"async\" width=\"1024\" height=\"564\" src=\"http:\/\/wjioyci.cluster029.hosting.ovh.net\/wp-content\/uploads\/2022\/08\/Terrasse-7-1024x564.jpg\" alt=\"\" class=\"wp-image-307\" srcset=\"https:\/\/abepaysage.fr\/wp-content\/uploads\/2022\/08\/Terrasse-7-1024x564.jpg 1024w, https:\/\/abepaysage.fr\/wp-content\/uploads\/2022\/08\/Terrasse-7-300x165.jpg 300w, https:\/\/abepaysage.fr\/wp-content\/uploads\/2022\/08\/Terrasse-7-768x423.jpg 768w, https:\/\/abepaysage.fr\/wp-content\/uploads\/2022\/08\/Terrasse-7-1536x846.jpg 1536w, https:\/\/abepaysage.fr\/wp-content\/uploads\/2022\/08\/Terrasse-7-2048x1128.jpg 2048w, https:\/\/abepaysage.fr\/wp-content\/uploads\/2022\/08\/Terrasse-7-2000x1101.jpg 2000w, https:\/\/abepaysage.fr\/wp-content\/uploads\/2022\/08\/Terrasse-7-600x330.jpg 600w\" sizes=\"(max-width: 1024px) 100vw, 1024px\" \/><\/a><\/figure>\n<\/div>\n\n\n\n<div class=\"wp-block-column is-layout-flow wp-block-column-is-layout-flow\">\n<p class=\"has-black-color has-text-color has-medium-font-size\"><a href=\"http:\/\/wjioyci.cluster029.hosting.ovh.net\/index.php\/2022\/07\/28\/brasero\/\"><strong>Brasero<\/strong><\/a><\/p>\n\n\n\n<figure class=\"wp-block-image size-large\"><a href=\"http:\/\/wjioyci.cluster029.hosting.ovh.net\/index.php\/2022\/07\/28\/brasero\/\"><img loading=\"lazy\" decoding=\"async\" width=\"1024\" height=\"564\" src=\"http:\/\/wjioyci.cluster029.hosting.ovh.net\/wp-content\/uploads\/2022\/08\/Brasero-4-1024x564.jpg\" alt=\"\" class=\"wp-image-260\" srcset=\"https:\/\/abepaysage.fr\/wp-content\/uploads\/2022\/08\/Brasero-4-1024x564.jpg 1024w, https:\/\/abepaysage.fr\/wp-content\/uploads\/2022\/08\/Brasero-4-300x165.jpg 300w, https:\/\/abepaysage.fr\/wp-content\/uploads\/2022\/08\/Brasero-4-768x423.jpg 768w, https:\/\/abepaysage.fr\/wp-content\/uploads\/2022\/08\/Brasero-4-1536x846.jpg 1536w, https:\/\/abepaysage.fr\/wp-content\/uploads\/2022\/08\/Brasero-4-2048x1128.jpg 2048w, https:\/\/abepaysage.fr\/wp-content\/uploads\/2022\/08\/Brasero-4-2000x1101.jpg 2000w, https:\/\/abepaysage.fr\/wp-content\/uploads\/2022\/08\/Brasero-4-600x330.jpg 600w\" sizes=\"(max-width: 1024px) 100vw, 1024px\" \/><\/a><\/figure>\n\n\n\n<p class=\"has-medium-font-size\"><a href=\"http:\/\/wjioyci.cluster029.hosting.ovh.net\/index.php\/2022\/08\/12\/escalier\/\"><strong>Escalier<\/strong><\/a><\/p>\n\n\n\n<figure class=\"wp-block-image size-large\"><a href=\"http:\/\/wjioyci.cluster029.hosting.ovh.net\/index.php\/2022\/08\/12\/escalier\/\"><img loading=\"lazy\" decoding=\"async\" width=\"1024\" height=\"564\" src=\"http:\/\/wjioyci.cluster029.hosting.ovh.net\/wp-content\/uploads\/2022\/08\/Escalier-3-1024x564.jpg\" alt=\"\" class=\"wp-image-255\" srcset=\"https:\/\/abepaysage.fr\/wp-content\/uploads\/2022\/08\/Escalier-3-1024x564.jpg 1024w, https:\/\/abepaysage.fr\/wp-content\/uploads\/2022\/08\/Escalier-3-300x165.jpg 300w, https:\/\/abepaysage.fr\/wp-content\/uploads\/2022\/08\/Escalier-3-768x423.jpg 768w, https:\/\/abepaysage.fr\/wp-content\/uploads\/2022\/08\/Escalier-3-1536x846.jpg 1536w, https:\/\/abepaysage.fr\/wp-content\/uploads\/2022\/08\/Escalier-3-2048x1128.jpg 2048w, https:\/\/abepaysage.fr\/wp-content\/uploads\/2022\/08\/Escalier-3-2000x1101.jpg 2000w, https:\/\/abepaysage.fr\/wp-content\/uploads\/2022\/08\/Escalier-3-600x330.jpg 600w\" sizes=\"(max-width: 1024px) 100vw, 1024px\" \/><\/a><\/figure>\n\n\n\n<p class=\"has-text-color has-medium-font-size\" style=\"color:#7a7a7a\"><a href=\"http:\/\/wjioyci.cluster029.hosting.ovh.net\/index.php\/2022\/08\/27\/entree\/\"><strong>Entr\u00e9e<\/strong><\/a><\/p>\n\n\n\n<figure class=\"wp-block-image size-large\"><a href=\"http:\/\/wjioyci.cluster029.hosting.ovh.net\/index.php\/2022\/08\/27\/entree\/\"><img loading=\"lazy\" decoding=\"async\" width=\"1024\" height=\"564\" src=\"http:\/\/wjioyci.cluster029.hosting.ovh.net\/wp-content\/uploads\/2022\/08\/Entree-1-1024x564.jpg\" alt=\"\" class=\"wp-image-282\" srcset=\"https:\/\/abepaysage.fr\/wp-content\/uploads\/2022\/08\/Entree-1-1024x564.jpg 1024w, https:\/\/abepaysage.fr\/wp-content\/uploads\/2022\/08\/Entree-1-300x165.jpg 300w, https:\/\/abepaysage.fr\/wp-content\/uploads\/2022\/08\/Entree-1-768x423.jpg 768w, https:\/\/abepaysage.fr\/wp-content\/uploads\/2022\/08\/Entree-1-1536x846.jpg 1536w, https:\/\/abepaysage.fr\/wp-content\/uploads\/2022\/08\/Entree-1-2048x1128.jpg 2048w, https:\/\/abepaysage.fr\/wp-content\/uploads\/2022\/08\/Entree-1-2000x1101.jpg 2000w, https:\/\/abepaysage.fr\/wp-content\/uploads\/2022\/08\/Entree-1-600x330.jpg 600w\" sizes=\"(max-width: 1024px) 100vw, 1024px\" \/><\/a><figcaption><br><\/figcaption><\/figure>\n<\/div>\n\n\n\n<div class=\"wp-block-column is-layout-flow wp-block-column-is-layout-flow\">\n<p class=\"has-medium-font-size\"><a href=\"http:\/\/wjioyci.cluster029.hosting.ovh.net\/index.php\/2022\/08\/12\/pool-house\/\"><strong>Pergola<\/strong><\/a><\/p>\n\n\n\n<figure class=\"wp-block-image size-large\"><a href=\"http:\/\/wjioyci.cluster029.hosting.ovh.net\/index.php\/2022\/08\/12\/pool-house\/\"><img loading=\"lazy\" decoding=\"async\" width=\"1024\" height=\"564\" src=\"http:\/\/wjioyci.cluster029.hosting.ovh.net\/wp-content\/uploads\/2022\/08\/Construction-5-1024x564.jpg\" alt=\"\" class=\"wp-image-272\" srcset=\"https:\/\/abepaysage.fr\/wp-content\/uploads\/2022\/08\/Construction-5-1024x564.jpg 1024w, https:\/\/abepaysage.fr\/wp-content\/uploads\/2022\/08\/Construction-5-300x165.jpg 300w, https:\/\/abepaysage.fr\/wp-content\/uploads\/2022\/08\/Construction-5-768x423.jpg 768w, https:\/\/abepaysage.fr\/wp-content\/uploads\/2022\/08\/Construction-5-1536x846.jpg 1536w, https:\/\/abepaysage.fr\/wp-content\/uploads\/2022\/08\/Construction-5-2048x1128.jpg 2048w, https:\/\/abepaysage.fr\/wp-content\/uploads\/2022\/08\/Construction-5-2000x1101.jpg 2000w, https:\/\/abepaysage.fr\/wp-content\/uploads\/2022\/08\/Construction-5-600x330.jpg 600w\" sizes=\"(max-width: 1024px) 100vw, 1024px\" \/><\/a><\/figure>\n\n\n\n<p class=\"has-medium-font-size\"><a href=\"http:\/\/wjioyci.cluster029.hosting.ovh.net\/index.php\/2022\/08\/27\/cheminement\/\"><strong>Cheminement<\/strong><\/a><\/p>\n\n\n\n<figure class=\"wp-block-image size-large\"><a href=\"http:\/\/wjioyci.cluster029.hosting.ovh.net\/index.php\/2022\/08\/27\/cheminement\/\"><img loading=\"lazy\" decoding=\"async\" width=\"1024\" height=\"564\" src=\"http:\/\/wjioyci.cluster029.hosting.ovh.net\/wp-content\/uploads\/2022\/08\/Cheminement-2-1024x564.jpg\" alt=\"\" class=\"wp-image-263\" srcset=\"https:\/\/abepaysage.fr\/wp-content\/uploads\/2022\/08\/Cheminement-2-1024x564.jpg 1024w, https:\/\/abepaysage.fr\/wp-content\/uploads\/2022\/08\/Cheminement-2-300x165.jpg 300w, https:\/\/abepaysage.fr\/wp-content\/uploads\/2022\/08\/Cheminement-2-768x423.jpg 768w, https:\/\/abepaysage.fr\/wp-content\/uploads\/2022\/08\/Cheminement-2-1536x846.jpg 1536w, https:\/\/abepaysage.fr\/wp-content\/uploads\/2022\/08\/Cheminement-2-2048x1128.jpg 2048w, https:\/\/abepaysage.fr\/wp-content\/uploads\/2022\/08\/Cheminement-2-2000x1101.jpg 2000w, https:\/\/abepaysage.fr\/wp-content\/uploads\/2022\/08\/Cheminement-2-600x330.jpg 600w\" sizes=\"(max-width: 1024px) 100vw, 1024px\" \/><\/a><\/figure>\n\n\n\n<p class=\"has-black-color has-text-color has-medium-font-size\"><a href=\"http:\/\/wjioyci.cluster029.hosting.ovh.net\/index.php\/2022\/08\/27\/vegetaux\/\"><strong>V\u00e9g\u00e9taux<\/strong><\/a><\/p>\n\n\n\n<figure class=\"wp-block-image size-large\"><a href=\"http:\/\/wjioyci.cluster029.hosting.ovh.net\/index.php\/2022\/08\/27\/vegetaux\/\"><img loading=\"lazy\" decoding=\"async\" width=\"1024\" height=\"724\" src=\"http:\/\/wjioyci.cluster029.hosting.ovh.net\/wp-content\/uploads\/2022\/08\/Palette-1024x724.jpg\" alt=\"\" class=\"wp-image-340\" srcset=\"https:\/\/abepaysage.fr\/wp-content\/uploads\/2022\/08\/Palette-1024x724.jpg 1024w, https:\/\/abepaysage.fr\/wp-content\/uploads\/2022\/08\/Palette-300x212.jpg 300w, https:\/\/abepaysage.fr\/wp-content\/uploads\/2022\/08\/Palette-768x543.jpg 768w, https:\/\/abepaysage.fr\/wp-content\/uploads\/2022\/08\/Palette-1536x1086.jpg 1536w, https:\/\/abepaysage.fr\/wp-content\/uploads\/2022\/08\/Palette-2048x1448.jpg 2048w, https:\/\/abepaysage.fr\/wp-content\/uploads\/2022\/08\/Palette-2000x1414.jpg 2000w, https:\/\/abepaysage.fr\/wp-content\/uploads\/2022\/08\/Palette-600x424.jpg 600w\" sizes=\"(max-width: 1024px) 100vw, 1024px\" \/><\/a><\/figure>\n\n\n\n<p class=\"has-text-color\" style=\"color:#7a7a7a\"><\/p>\n<\/div>\n<\/div>\n","protected":false},"excerpt":{"rendered":"<p>Architecte paysagiste pour faire de vos souhaits une r\u00e9alit\u00e9! Implant\u00e9e \u00e0 proximit\u00e9 de Lyon, je me d\u00e9place \u00e9galement sur la r\u00e9gion Rh\u00f4ne-Alpes-Auvergne. Je vous apporte des id\u00e9es d\u2019am\u00e9nagements pour votre jardin en r\u00e9ponse \u00e0 vos probl\u00e9matiques et envies! Le jardin est une fen\u00eatre sur l\u2019ext\u00e9rieur, une \u00e9chapp\u00e9e, une bouff\u00e9e d\u2019air et de calme. Avec les &hellip; <\/p>\n<p class=\"link-more\"><a href=\"https:\/\/abepaysage.fr\/index.php\/about\/\" class=\"more-link\">Lire la suite de<span class=\"screen-reader-text\">\u00ab\u00a0Les projets\u00a0\u00bb<\/span><\/a><\/p>\n","protected":false},"author":1,"featured_media":0,"parent":0,"menu_order":0,"comment_status":"closed","ping_status":"closed","template":"","meta":{"footnotes":""},"class_list":["post-8","page","type-page","status-publish","hentry"],"featured_media_urls":[],"_links":{"self":[{"href":"https:\/\/abepaysage.fr\/index.php\/wp-json\/wp\/v2\/pages\/8","targetHints":{"allow":["GET"]}}],"collection":[{"href":"https:\/\/abepaysage.fr\/index.php\/wp-json\/wp\/v2\/pages"}],"about":[{"href":"https:\/\/abepaysage.fr\/index.php\/wp-json\/wp\/v2\/types\/page"}],"author":[{"embeddable":true,"href":"https:\/\/abepaysage.fr\/index.php\/wp-json\/wp\/v2\/users\/1"}],"replies":[{"embeddable":true,"href":"https:\/\/abepaysage.fr\/index.php\/wp-json\/wp\/v2\/comments?post=8"}],"version-history":[{"count":35,"href":"https:\/\/abepaysage.fr\/index.php\/wp-json\/wp\/v2\/pages\/8\/revisions"}],"predecessor-version":[{"id":392,"href":"https:\/\/abepaysage.fr\/index.php\/wp-json\/wp\/v2\/pages\/8\/revisions\/392"}],"wp:attachment":[{"href":"https:\/\/abepaysage.fr\/index.php\/wp-json\/wp\/v2\/media?parent=8"}],"curies":[{"name":"wp","href":"https:\/\/api.w.org\/{rel}","templated":true}]}}